{"id":8,"date":"2019-02-07T19:55:41","date_gmt":"2019-02-07T19:55:41","guid":{"rendered":"http:\/\/wp.biodynamik-haering.de\/?page_id=8"},"modified":"2023-05-09T10:21:39","modified_gmt":"2023-05-09T10:21:39","slug":"koerperpsychotherapie","status":"publish","type":"page","link":"https:\/\/www.biodynamik-haering.de\/?page_id=8","title":{"rendered":"K\u00f6rperpsychotherapie"},"content":{"rendered":"\n<div class=\"wp-block-image\"><figure class=\"alignright\"><img loading=\"lazy\" width=\"150\" height=\"150\" src=\"http:\/\/www.biodynamik-haering.de\/wp-content\/uploads\/2019\/02\/Pfingstrose2-150x150.jpg\" alt=\"\" class=\"wp-image-63\"\/><\/figure><\/div>\n\n\n\n<p>Die Biodynamische K\u00f6rperpsychotherapie wurde von der norwegischen Psychologin und Physiotherapeutin Gerda Boyesen Mitte der 50er Jahre entwickelt. Sie ging davon aus, dass K\u00f6rper, Gef\u00fchle und Denken ineinander greifen. Ist der Kommunikationsfluss zwischen diesen Ebenen gest\u00f6rt, k\u00f6nnen k\u00f6rperliche oder psychische St\u00f6rungen entstehen.<\/p>\n\n\n\n<p>Zu den wichtigsten Erkenntnissen von Gerda Boyesen geh\u00f6rt die Entdeckung der Schl\u00fcsselfunktion des Verdauungssystems, der Darmperistaltik, f\u00fcr die Verarbeitung von emotionalem und seelischem Stress. Deshalb sind die biodynamischen Massagen ein wichtiger Teil der Therapie. Durch das Abh\u00f6ren der Baucht\u00f6ne mit dem Stethoskop k\u00f6nnen Informationen \u00fcber das vegetative Gleichgewicht gewonnen und verarbeitet werden.<\/p>\n\n\n\n<p>Die Biodynamische K\u00f6rperpsychotherapie beinhaltet au\u00dfer den Massagen weitere vielf\u00e4ltige Behandlungsmethoden wie Entspannungs\u00fcbungen, Atemarbeit, Arbeit mit Tr\u00e4umen, imaginative Therapie, Interaktionen zwischen Therapeutin und KlientIn sowie psychotherapeutische Verfahren wie das Gespr\u00e4ch. In jedem Fall ist die Behandlung immer auf die individuellen Bed\u00fcrfnisse des Klienten ausgerichtet. Ziel der Biodynamik ist, die nat\u00fcrliche Selbstregulation von K\u00f6rper und Psyche wieder herzustellen und somit ein positives Lebensgef\u00fchl zu erreichen.<\/p>\n\n\n\n<p>Behandlungsgr\u00fcnde sind zum Beispiel unverarbeitete Lebenserfahrungen, psychosomatische Symptome, Stress und Ersch\u00f6pfungszust\u00e4nde (Burnout), Schlafst\u00f6rungen, psychische Probleme (neurotische Depressionen, \u00c4ngste, Minderwertigkeitsgef\u00fchle usw.), chronische Verspannungen und allgemeine Schmerzzust\u00e4nde.<\/p>\n\n\n\n<p>Hier finden Sie einen Film \u00fcber die Biodynamische K\u00f6rperpsychotherapie:<\/p>\n\n\n\n<p><a href=\"http:\/\/www.youtube.com\/watch?v=X8BWNYBtRiQ\">www.youtube.com\/watch<\/a><\/p>\n","protected":false},"excerpt":{"rendered":"<p>Die Biodynamische K\u00f6rperpsychotherapie wurde von der norwegischen Psychologin und Physiotherapeutin Gerda Boyesen Mitte der 50er Jahre entwickelt. Sie ging davon aus, dass K\u00f6rper, Gef\u00fchle und Denken ineinander greifen. Ist der Kommunikationsfluss zwischen diesen Ebenen gest\u00f6rt, k\u00f6nnen k\u00f6rperliche oder psychische St\u00f6rungen entstehen. Zu den wichtigsten Erkenntnissen von Gerda Boyesen geh\u00f6rt die Entdeckung der Schl\u00fcsselfunktion des Verdauungssystems, [&hellip;]<\/p>\n","protected":false},"author":1,"featured_media":63,"parent":0,"menu_order":0,"comment_status":"closed","ping_status":"closed","template":"","meta":[],"_links":{"self":[{"href":"https:\/\/www.biodynamik-haering.de\/index.php?rest_route=\/wp\/v2\/pages\/8"}],"collection":[{"href":"https:\/\/www.biodynamik-haering.de\/index.php?rest_route=\/wp\/v2\/pages"}],"about":[{"href":"https:\/\/www.biodynamik-haering.de\/index.php?rest_route=\/wp\/v2\/types\/page"}],"author":[{"embeddable":true,"href":"https:\/\/www.biodynamik-haering.de\/index.php?rest_route=\/wp\/v2\/users\/1"}],"replies":[{"embeddable":true,"href":"https:\/\/www.biodynamik-haering.de\/index.php?rest_route=%2Fwp%2Fv2%2Fcomments&post=8"}],"version-history":[{"count":3,"href":"https:\/\/www.biodynamik-haering.de\/index.php?rest_route=\/wp\/v2\/pages\/8\/revisions"}],"predecessor-version":[{"id":163,"href":"https:\/\/www.biodynamik-haering.de\/index.php?rest_route=\/wp\/v2\/pages\/8\/revisions\/163"}],"wp:featuredmedia":[{"embeddable":true,"href":"https:\/\/www.biodynamik-haering.de\/index.php?rest_route=\/wp\/v2\/media\/63"}],"wp:attachment":[{"href":"https:\/\/www.biodynamik-haering.de\/index.php?rest_route=%2Fwp%2Fv2%2Fmedia&parent=8"}],"curies":[{"name":"wp","href":"https:\/\/api.w.org\/{rel}","templated":true}]}}