{"id":32,"date":"2019-02-07T21:38:35","date_gmt":"2019-02-07T21:38:35","guid":{"rendered":"http:\/\/wp.biodynamik-haering.de\/?page_id=32"},"modified":"2019-02-15T19:16:47","modified_gmt":"2019-02-15T19:16:47","slug":"impressum","status":"publish","type":"page","link":"https:\/\/www.biodynamik-haering.de\/?page_id=32","title":{"rendered":"Impressum"},"content":{"rendered":"\n<p><strong>Name und Anschrift der Praxis:<\/strong><\/p>\n\n\n\n<p>Regine H\u00e4ring<br>Praxis f\u00fcr K\u00f6rperpsychotherapie<br>(nach dem Heilpraktikergesetz)<br>Pr\u00e4lat-Triller-Str. 16a<br>92318 Neumarkt<\/p>\n\n\n\n<p>Tel.: 09181 \/ 40 52 84&nbsp;<br>Handy: 0171 \/ 3 53 24 26&nbsp;<br>Email: praxis-haering@web-de<\/p>\n\n\n\n<p><strong>Mitgliedschaft:<\/strong><\/p>\n\n\n\n<p>Gesellschaft f\u00fcr Biodynamische Psychologie \/ K\u00f6rperpsychotherapie GBP e.V.<\/p>\n\n\n\n<p><strong>Berufsordnung<\/strong><\/p>\n\n\n\n<p>T\u00e4tig nach dem&nbsp;<a href=\"http:\/\/www.heilpraktiker-fragen.de\/heilpraktikergesetz.htm\">Heilpraktikergesetz<\/a>.<\/p>\n\n\n\n<p><strong>Gesetzliche Berufsbezeichnung:<\/strong><\/p>\n\n\n\n<p>Heilpraktikerin (Psychotherapie)<\/p>\n\n\n\n<p><strong>beh\u00f6rdliche Zulassung:<\/strong><\/p>\n\n\n\n<p>Landratsamt Regensburg<br>Amt f\u00fcr Gesundheit und Ern\u00e4hrung<br>Sedanstr. 1<br>93055 Regensburg<br>0941\/4009-0<\/p>\n\n\n\n<p><strong>Aufsichtsbeh\u00f6rde:<\/strong><\/p>\n\n\n\n<p>Landratsamt Neumarkt i.d.Opf.<br>N\u00fcrnberger Str. 1<br>92318 Neumarkt<br>Tel. 09181\/470-0<\/p>\n\n\n\n<p><strong>Erkl\u00e4rung:<\/strong><\/p>\n\n\n\n<p>Mit dem Urteil vom 12. Mai 1998 hat das Landgericht Hamburg entschieden, dass man durch die Ausbringung eines Links die Inhalte der gelinkten Seite ggf. mit zu verantworten hat. Dies kann man, laut LG, nur dadurch verhindert werden, dass man sich ausdr\u00fccklich von diesen Inhalten distanziert. Auf dieser Seite wurden Links zu anderen Webseiten hinterlegt. F\u00fcr alle diese Links gilt: Ich, Regine H\u00e4ring, habe keinerlei Einflu\u00df auf Gestaltung und Inhalte dieser Seiten. Ich distanziere mich daher ausdr\u00fccklich von allen Inhalten dieser Seiten und mache mir diese Inhalte nicht zu eigen. Diese Erkl\u00e4rung gilt f\u00fcr alle auf&nbsp;der Homepage angebrachten Links.&nbsp;<\/p>\n\n\n\n<p><strong>Inhaltlich verantwortlich:&nbsp;<\/strong>gem\u00e4\u00df \u00a755 Absatz 2 RStV: Regine H\u00e4ring<\/p>\n\n\n\n<p><strong>WordPress-Theme:<\/strong> <\/p>\n\n\n\n<p>Coller by <a href=\"http:\/\/inkhive.com\/\">InkHive<\/a><\/p>\n","protected":false},"excerpt":{"rendered":"<p>Name und Anschrift der Praxis: Regine H\u00e4ringPraxis f\u00fcr K\u00f6rperpsychotherapie(nach dem Heilpraktikergesetz)Pr\u00e4lat-Triller-Str. 16a92318 Neumarkt Tel.: 09181 \/ 40 52 84&nbsp;Handy: 0171 \/ 3 53 24 26&nbsp;Email: praxis-haering@web-de Mitgliedschaft: Gesellschaft f\u00fcr Biodynamische Psychologie \/ K\u00f6rperpsychotherapie GBP e.V. Berufsordnung T\u00e4tig nach dem&nbsp;Heilpraktikergesetz. Gesetzliche Berufsbezeichnung: Heilpraktikerin (Psychotherapie) beh\u00f6rdliche Zulassung: Landratsamt RegensburgAmt f\u00fcr Gesundheit und Ern\u00e4hrungSedanstr. 193055 Regensburg0941\/4009-0 Aufsichtsbeh\u00f6rde: Landratsamt [&hellip;]<\/p>\n","protected":false},"author":1,"featured_media":0,"parent":0,"menu_order":0,"comment_status":"closed","ping_status":"closed","template":"","meta":[],"_links":{"self":[{"href":"https:\/\/www.biodynamik-haering.de\/index.php?rest_route=\/wp\/v2\/pages\/32"}],"collection":[{"href":"https:\/\/www.biodynamik-haering.de\/index.php?rest_route=\/wp\/v2\/pages"}],"about":[{"href":"https:\/\/www.biodynamik-haering.de\/index.php?rest_route=\/wp\/v2\/types\/page"}],"author":[{"embeddable":true,"href":"https:\/\/www.biodynamik-haering.de\/index.php?rest_route=\/wp\/v2\/users\/1"}],"replies":[{"embeddable":true,"href":"https:\/\/www.biodynamik-haering.de\/index.php?rest_route=%2Fwp%2Fv2%2Fcomments&post=32"}],"version-history":[{"count":4,"href":"https:\/\/www.biodynamik-haering.de\/index.php?rest_route=\/wp\/v2\/pages\/32\/revisions"}],"predecessor-version":[{"id":78,"href":"https:\/\/www.biodynamik-haering.de\/index.php?rest_route=\/wp\/v2\/pages\/32\/revisions\/78"}],"wp:attachment":[{"href":"https:\/\/www.biodynamik-haering.de\/index.php?rest_route=%2Fwp%2Fv2%2Fmedia&parent=32"}],"curies":[{"name":"wp","href":"https:\/\/api.w.org\/{rel}","templated":true}]}}