{"id":22,"date":"2019-02-07T21:09:15","date_gmt":"2019-02-07T21:09:15","guid":{"rendered":"http:\/\/wp.biodynamik-haering.de\/?page_id=22"},"modified":"2022-01-07T08:33:28","modified_gmt":"2022-01-07T08:33:28","slug":"links","status":"publish","type":"page","link":"https:\/\/www.biodynamik-haering.de\/?page_id=22","title":{"rendered":"Links"},"content":{"rendered":"\n<figure class=\"wp-block-table\"><table><tbody><tr><td><a href=\"http:\/\/biodynamik.de\/\" target=\"_blank\" rel=\"noreferrer noopener\" aria-label=\" (\u00f6ffnet in neuem Tab)\">www.biodynamik.de<\/a><\/td><td>Europ\u00e4ische Schule f\u00fcr Biodynamische Psychologie<\/td><\/tr><tr><td><a href=\"http:\/\/www.berufsverband-biodynamik.de\/docs\/aktuelles.html\" target=\"_blank\" rel=\"noreferrer noopener\" aria-label=\" (\u00f6ffnet in neuem Tab)\">www.biodynamik-berufsverband.de<\/a><\/td><td>Gesellschaft f\u00fcr Biodynamische Psychologie\/ K\u00f6rperpsychotherapie GBP e.V.<\/td><\/tr><tr><td><a rel=\"noreferrer noopener\" aria-label=\" (\u00f6ffnet in neuem Tab)\" href=\"http:\/\/www.evsr-herbst.de\/\" target=\"_blank\">www.stress-burnout-ambulance.com<\/a><\/td><td>Energetisch-vegetative Stressregulation nach Herbst<\/td><\/tr><tr><td><a href=\"http:\/\/www.uebergangstherapie.de\" target=\"_blank\" rel=\"noreferrer noopener\" aria-label=\" (\u00f6ffnet in neuem Tab)\">www.uebergangstherapie.de<br><\/a><\/td><td>Mitglied im Netzwerk \u00dcbergangstherpaie<\/td><\/tr><tr><td><a href=\"http:\/\/www.therapeuten.de\/\" target=\"_blank\" rel=\"noreferrer noopener\" aria-label=\" (\u00f6ffnet in neuem Tab)\">www.therapeuten.de<\/a><\/td><td>Ganzheitliche Behandlungsmethoden und Therapien<\/td><\/tr><tr><td><span class=\"has-inline-color has-white-color\">&#8211;<\/span><\/td><td><\/td><\/tr><tr><td><span class=\"has-inline-color has-white-color\">&#8211;<\/span><\/td><td><br><\/td><\/tr><\/tbody><\/table><\/figure>\n","protected":false},"excerpt":{"rendered":"<p>www.biodynamik.de Europ\u00e4ische Schule f\u00fcr Biodynamische Psychologie www.biodynamik-berufsverband.de Gesellschaft f\u00fcr Biodynamische Psychologie\/ K\u00f6rperpsychotherapie GBP e.V. www.stress-burnout-ambulance.com Energetisch-vegetative Stressregulation nach Herbst www.uebergangstherapie.de Mitglied im Netzwerk \u00dcbergangstherpaie www.therapeuten.de Ganzheitliche Behandlungsmethoden und Therapien &#8211; &#8211;<\/p>\n","protected":false},"author":1,"featured_media":0,"parent":0,"menu_order":0,"comment_status":"closed","ping_status":"closed","template":"","meta":[],"_links":{"self":[{"href":"https:\/\/www.biodynamik-haering.de\/index.php?rest_route=\/wp\/v2\/pages\/22"}],"collection":[{"href":"https:\/\/www.biodynamik-haering.de\/index.php?rest_route=\/wp\/v2\/pages"}],"about":[{"href":"https:\/\/www.biodynamik-haering.de\/index.php?rest_route=\/wp\/v2\/types\/page"}],"author":[{"embeddable":true,"href":"https:\/\/www.biodynamik-haering.de\/index.php?rest_route=\/wp\/v2\/users\/1"}],"replies":[{"embeddable":true,"href":"https:\/\/www.biodynamik-haering.de\/index.php?rest_route=%2Fwp%2Fv2%2Fcomments&post=22"}],"version-history":[{"count":10,"href":"https:\/\/www.biodynamik-haering.de\/index.php?rest_route=\/wp\/v2\/pages\/22\/revisions"}],"predecessor-version":[{"id":160,"href":"https:\/\/www.biodynamik-haering.de\/index.php?rest_route=\/wp\/v2\/pages\/22\/revisions\/160"}],"wp:attachment":[{"href":"https:\/\/www.biodynamik-haering.de\/index.php?rest_route=%2Fwp%2Fv2%2Fmedia&parent=22"}],"curies":[{"name":"wp","href":"https:\/\/api.w.org\/{rel}","templated":true}]}}