{"id":18,"date":"2019-02-07T20:51:55","date_gmt":"2019-02-07T20:51:55","guid":{"rendered":"http:\/\/wp.biodynamik-haering.de\/?page_id=18"},"modified":"2025-01-02T12:01:49","modified_gmt":"2025-01-02T12:01:49","slug":"angebot-aktuelles","status":"publish","type":"page","link":"https:\/\/www.biodynamik-haering.de\/?page_id=18","title":{"rendered":"Angebot"},"content":{"rendered":"\n<p><strong>Ich arbeite mit<\/strong><\/p>\n\n\n\n<div class=\"wp-block-image\"><figure class=\"alignright\"><img loading=\"lazy\" width=\"300\" height=\"168\" src=\"http:\/\/www.biodynamik-haering.de\/wp-content\/uploads\/2019\/06\/IMAG0329-2-300x168.jpg\" alt=\"\" class=\"wp-image-121\" srcset=\"https:\/\/www.biodynamik-haering.de\/wp-content\/uploads\/2019\/06\/IMAG0329-2-300x168.jpg 300w, https:\/\/www.biodynamik-haering.de\/wp-content\/uploads\/2019\/06\/IMAG0329-2-768x431.jpg 768w, https:\/\/www.biodynamik-haering.de\/wp-content\/uploads\/2019\/06\/IMAG0329-2-1024x574.jpg 1024w\" sizes=\"(max-width: 300px) 100vw, 300px\" \/><\/figure><\/div>\n\n\n\n<p><\/p>\n\n\n\n<ul><li>K\u00f6rperarbeit und Gespr\u00e4chen<\/li><li>Imaginative Therapie (Arbeit mit den inneren Bildern)<\/li><li>Energetisch-Vegetative Stressregulation<\/li><li>Entspannungs- und Atem\u00fcbungen<\/li><li>Biodynamischen Massagen und Tiefen Organmassagen bei k\u00f6rperlichen Beschwerden, psychosomatischen Symptomen sowie zur therapeutischen Prozessbegleitung<\/li><\/ul>\n\n\n\n<p>K\u00f6rperpsychotherapie und Stressregulation (60 Min.): 90,00 \u20ac<br>unverbindliches Vorgespr\u00e4ch (30 Min.): kostenlos<\/p>\n\n\n\n<p>Termine: Montag nachmittags sowie Dienstag und Mittwoch ganzt\u00e4gig nach telefonischer Vereinbarung<\/p>\n\n\n\n<p>Wenn Sie privat versichert sind oder eine Zusatzversicherung f\u00fcr Heilpraktiker haben, ist es u.U. m\u00f6glich, dass die Therapiesitzungen erstattet werden.<\/p>\n","protected":false},"excerpt":{"rendered":"<p>Ich arbeite mit K\u00f6rperarbeit und Gespr\u00e4chen Imaginative Therapie (Arbeit mit den inneren Bildern) Energetisch-Vegetative Stressregulation Entspannungs- und Atem\u00fcbungen Biodynamischen Massagen und Tiefen Organmassagen bei k\u00f6rperlichen Beschwerden, psychosomatischen Symptomen sowie zur therapeutischen Prozessbegleitung K\u00f6rperpsychotherapie und Stressregulation (60 Min.): 90,00 \u20acunverbindliches Vorgespr\u00e4ch (30 Min.): kostenlos Termine: Montag nachmittags sowie Dienstag und Mittwoch ganzt\u00e4gig nach telefonischer Vereinbarung Wenn [&hellip;]<\/p>\n","protected":false},"author":1,"featured_media":121,"parent":0,"menu_order":0,"comment_status":"closed","ping_status":"closed","template":"","meta":[],"_links":{"self":[{"href":"https:\/\/www.biodynamik-haering.de\/index.php?rest_route=\/wp\/v2\/pages\/18"}],"collection":[{"href":"https:\/\/www.biodynamik-haering.de\/index.php?rest_route=\/wp\/v2\/pages"}],"about":[{"href":"https:\/\/www.biodynamik-haering.de\/index.php?rest_route=\/wp\/v2\/types\/page"}],"author":[{"embeddable":true,"href":"https:\/\/www.biodynamik-haering.de\/index.php?rest_route=\/wp\/v2\/users\/1"}],"replies":[{"embeddable":true,"href":"https:\/\/www.biodynamik-haering.de\/index.php?rest_route=%2Fwp%2Fv2%2Fcomments&post=18"}],"version-history":[{"count":11,"href":"https:\/\/www.biodynamik-haering.de\/index.php?rest_route=\/wp\/v2\/pages\/18\/revisions"}],"predecessor-version":[{"id":170,"href":"https:\/\/www.biodynamik-haering.de\/index.php?rest_route=\/wp\/v2\/pages\/18\/revisions\/170"}],"wp:featuredmedia":[{"embeddable":true,"href":"https:\/\/www.biodynamik-haering.de\/index.php?rest_route=\/wp\/v2\/media\/121"}],"wp:attachment":[{"href":"https:\/\/www.biodynamik-haering.de\/index.php?rest_route=%2Fwp%2Fv2%2Fmedia&parent=18"}],"curies":[{"name":"wp","href":"https:\/\/api.w.org\/{rel}","templated":true}]}}