{"id":16,"date":"2019-02-07T20:51:20","date_gmt":"2019-02-07T20:51:20","guid":{"rendered":"http:\/\/wp.biodynamik-haering.de\/?page_id=16"},"modified":"2019-06-25T14:52:04","modified_gmt":"2019-06-25T14:52:04","slug":"stressregulation","status":"publish","type":"page","link":"https:\/\/www.biodynamik-haering.de\/?page_id=16","title":{"rendered":"Stressregulation"},"content":{"rendered":"\n<p><strong>Energetisch-Vegetative Stressregulation EVSR\u00ae&nbsp;nach Herbst<br><\/strong><\/p>\n\n\n\n<div class=\"wp-block-image\"><figure class=\"alignright is-resized\"><img loading=\"lazy\" src=\"http:\/\/www.biodynamik-haering.de\/wp-content\/uploads\/2019\/02\/Heckenrose-schmal-150x150.jpg\" alt=\"\" class=\"wp-image-57\" width=\"180\" height=\"180\"\/><\/figure><\/div>\n\n\n\n<p>Ungesunder Stress hat viele Ursachen, wie z.B. st\u00e4ndige \u00dcberforderung, zu hohe Belastung am Arbeitsplatz und in der Familie, Mobbing, hohe Selbstanspr\u00fcche, Scheidung, Verlust eines geliebten Menschen oder schwerwiegende Erkrankungen.<\/p>\n\n\n\n<p>Evolutionsbedingt reagiert unser Stammhirn hierbei mit Flucht- oder Kampfreflex. Unser K\u00f6rper ist in st\u00e4ndiger Alarmbereitschaft, um diese Reflexe auszuf\u00fchren. Eine angemessene Selbstregulation des K\u00f6rpers kann dann nicht mehr stattfinden, die Erholungsphase ist nicht mehr ausreichend oder bleit aus.<\/p>\n\n\n\n<p>In der Energetisch-Vegetativen Stressregulation kommen k\u00f6rperpsycho-therapeutische und bindungsenergetische Interventionen zum Einsatz, dabei werden bestimmte Bereiche des K\u00f6rpers (unter anderem am R\u00fccken und im Bauchraum) gehalten. Hierdurch wird dem Stammhirn signalisiert, dass die &#8222;Gefahr&#8220; vor\u00fcber ist. Das parasympathische Nervensystem, welches f\u00fcr Entspannung und Regeneration zust\u00e4ndig ist, wird angeregt. Die Produktion der Stresshormone kann dadruch zur\u00fcckgefahren werden, die Selbstregulation des K\u00f6rpers wird angeregt und Entspannung ist wieder m\u00f6glich. In der darauffolgenden Erholungsphase kann wieder neue Kraft getankt werden.<\/p>\n\n\n\n<p>Bereits nach wenigen Behandlungen (3-5) kann eine deutliche Besserung der Symptome sp\u00fcrbar werden. Erg\u00e4nzt wird die Behandlung durch Atem- und K\u00f6rper\u00fcbungen, die Sie zuhause weiter einsetzen k\u00f6nnen.<\/p>\n\n\n\n<p>EVSR kann Sie unterst\u00fctzen bei:<\/p>\n\n\n\n<ul><li>Ersch\u00f6pfungszust\u00e4nden<\/li><li>Schlafst\u00f6rungen<\/li><li>Erkrankungen ohne organische Ursachen, die auf Stress zur\u00fcckzuf\u00fchren sind, wie z.B. Magen-Darm-Erkrankungen, Bluthochdruck, Herzrhythmusst\u00f6rungen<\/li><li>Lern- und Konzentrationsst\u00f6rungen sowie zur Pr\u00fcfungsvorbereitung<\/li><li>stressbedingte psychosomatische St\u00f6rungen<\/li><li>begleitend bei schweren, mit Todeskonflikt einhergehenden Erkrankungen<\/li><\/ul>\n\n\n\n<p>Weitere Informationen finden Sie unter&nbsp;<a href=\"http:\/\/www.stress-und-burnout-ambulanz.de\/\">www.stress-und-burnout-ambulanz.de\/<\/a><\/p>\n","protected":false},"excerpt":{"rendered":"<p>Energetisch-Vegetative Stressregulation EVSR\u00ae&nbsp;nach Herbst Ungesunder Stress hat viele Ursachen, wie z.B. st\u00e4ndige \u00dcberforderung, zu hohe Belastung am Arbeitsplatz und in der Familie, Mobbing, hohe Selbstanspr\u00fcche, Scheidung, Verlust eines geliebten Menschen oder schwerwiegende Erkrankungen. Evolutionsbedingt reagiert unser Stammhirn hierbei mit Flucht- oder Kampfreflex. Unser K\u00f6rper ist in st\u00e4ndiger Alarmbereitschaft, um diese Reflexe auszuf\u00fchren. Eine angemessene Selbstregulation [&hellip;]<\/p>\n","protected":false},"author":1,"featured_media":0,"parent":0,"menu_order":0,"comment_status":"closed","ping_status":"closed","template":"","meta":[],"_links":{"self":[{"href":"https:\/\/www.biodynamik-haering.de\/index.php?rest_route=\/wp\/v2\/pages\/16"}],"collection":[{"href":"https:\/\/www.biodynamik-haering.de\/index.php?rest_route=\/wp\/v2\/pages"}],"about":[{"href":"https:\/\/www.biodynamik-haering.de\/index.php?rest_route=\/wp\/v2\/types\/page"}],"author":[{"embeddable":true,"href":"https:\/\/www.biodynamik-haering.de\/index.php?rest_route=\/wp\/v2\/users\/1"}],"replies":[{"embeddable":true,"href":"https:\/\/www.biodynamik-haering.de\/index.php?rest_route=%2Fwp%2Fv2%2Fcomments&post=16"}],"version-history":[{"count":2,"href":"https:\/\/www.biodynamik-haering.de\/index.php?rest_route=\/wp\/v2\/pages\/16\/revisions"}],"predecessor-version":[{"id":127,"href":"https:\/\/www.biodynamik-haering.de\/index.php?rest_route=\/wp\/v2\/pages\/16\/revisions\/127"}],"wp:attachment":[{"href":"https:\/\/www.biodynamik-haering.de\/index.php?rest_route=%2Fwp%2Fv2%2Fmedia&parent=16"}],"curies":[{"name":"wp","href":"https:\/\/api.w.org\/{rel}","templated":true}]}}