{"id":135,"date":"2019-06-26T09:30:01","date_gmt":"2019-06-26T09:30:01","guid":{"rendered":"http:\/\/www.biodynamik-haering.de\/?page_id=135"},"modified":"2019-06-26T09:36:27","modified_gmt":"2019-06-26T09:36:27","slug":"tiefe-organmassage","status":"publish","type":"page","link":"https:\/\/www.biodynamik-haering.de\/?page_id=135","title":{"rendered":"Tiefe  Organmassage"},"content":{"rendered":"\n<div class=\"wp-block-image\"><figure class=\"alignright\"><img loading=\"lazy\" width=\"150\" height=\"150\" src=\"http:\/\/www.biodynamik-haering.de\/wp-content\/uploads\/2019\/06\/Hummel-2-150x150.jpg\" alt=\"\" class=\"wp-image-139\"\/><\/figure><\/div>\n\n\n\n<p>Die Tiefe\nOrganmassage ist eine Kombination aus der Biodynamischen Massage und dem uralten\nWissen des Taoismus. In der Biodynamischen Massage werden vor allem Muskeln und\nFaszien massiert, da nicht nur Fehlhaltungen sondern auch unverarbeitete Gef\u00fchl\nin unserem K\u00f6rper Spannungen verursachen. In der K\u00f6rperpsychotherapie spricht\nman von \u201everk\u00f6rperten Gef\u00fchlen\u201c.<\/p>\n\n\n\n<p>Hiervon sind\nauch unsere Organe betroffen. In unserer Sprache ist dieses Wissen vorhanden\nwenn wir z.B. davon sprechen, dass uns etwas auf den Magen schl\u00e4gt oder uns\netwas an die Nieren geht. K\u00f6nnen wir diese Erfahrungen und Erlebnisse nicht\nausreichend verarbeiten werden sie in unserem K\u00f6rper (Zellged\u00e4chtnis)\ngespeichert. <\/p>\n\n\n\n<p>Die Organe\nwerden behutsam \u00fcber den Bauch und den Brustkorb behandelt, so dass eine direkte\nEntgiftung, Entspannung und St\u00e4rkung erfolgen kann. Eine k\u00f6rperliche und\nseelische Ausgeglichenheit wird m\u00f6glich. Hierbei spielt auch der Darm als\nverarbeitendes Organ eine wichtige Rolle. Auf \u00e4hnliche Weise k\u00f6nnen auch das\nZwerchfell und unser gro\u00dfer \u201eSeelenmuskel\u201c Iliopsoas Entspannung und Entlastung\nerfahren.<\/p>\n\n\n\n<p>Die Tiefe\nOrganmassage ist hilfreich <\/p>\n\n\n\n<ul><li>bei k\u00f6rperlichen Beschwerden als\nerg\u00e4nzende Therapie<\/li><li>zur k\u00f6rperlichen und seelischen\nEntspannung<\/li><li>zur Vorbeugung und Gesundheitsf\u00f6rderung<\/li><\/ul>\n","protected":false},"excerpt":{"rendered":"<p>Die Tiefe Organmassage ist eine Kombination aus der Biodynamischen Massage und dem uralten Wissen des Taoismus. In der Biodynamischen Massage werden vor allem Muskeln und Faszien massiert, da nicht nur Fehlhaltungen sondern auch unverarbeitete Gef\u00fchl in unserem K\u00f6rper Spannungen verursachen. In der K\u00f6rperpsychotherapie spricht man von \u201everk\u00f6rperten Gef\u00fchlen\u201c. Hiervon sind auch unsere Organe betroffen. In [&hellip;]<\/p>\n","protected":false},"author":1,"featured_media":139,"parent":0,"menu_order":0,"comment_status":"closed","ping_status":"closed","template":"","meta":[],"_links":{"self":[{"href":"https:\/\/www.biodynamik-haering.de\/index.php?rest_route=\/wp\/v2\/pages\/135"}],"collection":[{"href":"https:\/\/www.biodynamik-haering.de\/index.php?rest_route=\/wp\/v2\/pages"}],"about":[{"href":"https:\/\/www.biodynamik-haering.de\/index.php?rest_route=\/wp\/v2\/types\/page"}],"author":[{"embeddable":true,"href":"https:\/\/www.biodynamik-haering.de\/index.php?rest_route=\/wp\/v2\/users\/1"}],"replies":[{"embeddable":true,"href":"https:\/\/www.biodynamik-haering.de\/index.php?rest_route=%2Fwp%2Fv2%2Fcomments&post=135"}],"version-history":[{"count":3,"href":"https:\/\/www.biodynamik-haering.de\/index.php?rest_route=\/wp\/v2\/pages\/135\/revisions"}],"predecessor-version":[{"id":141,"href":"https:\/\/www.biodynamik-haering.de\/index.php?rest_route=\/wp\/v2\/pages\/135\/revisions\/141"}],"wp:featuredmedia":[{"embeddable":true,"href":"https:\/\/www.biodynamik-haering.de\/index.php?rest_route=\/wp\/v2\/media\/139"}],"wp:attachment":[{"href":"https:\/\/www.biodynamik-haering.de\/index.php?rest_route=%2Fwp%2Fv2%2Fmedia&parent=135"}],"curies":[{"name":"wp","href":"https:\/\/api.w.org\/{rel}","templated":true}]}}