{"id":13,"date":"2019-02-07T20:04:08","date_gmt":"2019-02-07T20:04:08","guid":{"rendered":"http:\/\/wp.biodynamik-haering.de\/?page_id=13"},"modified":"2019-02-07T20:04:08","modified_gmt":"2019-02-07T20:04:08","slug":"startseite","status":"publish","type":"page","link":"http:\/\/www.biodynamik-haering.de\/","title":{"rendered":"Startseite"},"content":{"rendered":"\n<p style=\"text-align:right\"><strong>Der K\u00f6rper ist der \u00dcbersetzer der Seele ins Sichtbare.<\/strong><br>\nChristian Morgenstern<\/p>\n\n\n\n<p><strong>Herzlich willkommen<\/strong><\/p>\n\n\n\n<p><strong>auf meiner Internetseite f\u00fcr<\/strong><\/p>\n\n\n\n<p><strong>k\u00f6rperorientierte Psychotherapie.<\/strong><\/p>\n","protected":false},"excerpt":{"rendered":"<p>Der K\u00f6rper ist der \u00dcbersetzer der Seele ins Sichtbare. Christian Morgenstern Herzlich willkommen auf meiner Internetseite f\u00fcr k\u00f6rperorientierte Psychotherapie.<\/p>\n","protected":false},"author":1,"featured_media":0,"parent":0,"menu_order":0,"comment_status":"closed","ping_status":"closed","template":"","meta":[],"_links":{"self":[{"href":"http:\/\/www.biodynamik-haering.de\/index.php?rest_route=\/wp\/v2\/pages\/13"}],"collection":[{"href":"http:\/\/www.biodynamik-haering.de\/index.php?rest_route=\/wp\/v2\/pages"}],"about":[{"href":"http:\/\/www.biodynamik-haering.de\/index.php?rest_route=\/wp\/v2\/types\/page"}],"author":[{"embeddable":true,"href":"http:\/\/www.biodynamik-haering.de\/index.php?rest_route=\/wp\/v2\/users\/1"}],"replies":[{"embeddable":true,"href":"http:\/\/www.biodynamik-haering.de\/index.php?rest_route=%2Fwp%2Fv2%2Fcomments&post=13"}],"version-history":[{"count":2,"href":"http:\/\/www.biodynamik-haering.de\/index.php?rest_route=\/wp\/v2\/pages\/13\/revisions"}],"predecessor-version":[{"id":62,"href":"http:\/\/www.biodynamik-haering.de\/index.php?rest_route=\/wp\/v2\/pages\/13\/revisions\/62"}],"wp:attachment":[{"href":"http:\/\/www.biodynamik-haering.de\/index.php?rest_route=%2Fwp%2Fv2%2Fmedia&parent=13"}],"curies":[{"name":"wp","href":"https:\/\/api.w.org\/{rel}","templated":true}]}}